{"id":40,"date":"2025-09-23T08:44:37","date_gmt":"2025-09-23T08:44:37","guid":{"rendered":"https:\/\/www.sonja-blank.com\/?page_id=40"},"modified":"2025-09-23T08:44:37","modified_gmt":"2025-09-23T08:44:37","slug":"blog","status":"publish","type":"page","link":"https:\/\/www.sonja-blank.com\/index.php\/blog\/","title":{"rendered":"Blog"},"content":{"rendered":"<ul class=\"wp-block-latest-posts__list wp-block-latest-posts\"><li><a class=\"wp-block-latest-posts__post-title\" href=\"https:\/\/www.sonja-blank.com\/index.php\/2025\/09\/23\/alte-rezepte\/\">Alte Rezepte<\/a><div class=\"wp-block-latest-posts__post-excerpt\">Habt ihr schon immer mal Rezepte aus der Vergangenheit ausprobieren wollen? Wie w\u00e4re es zum Beispiel mit Kletzenbrot oder Bohnen in K\u00fcmmelso\u00dfe?<\/div><\/li>\n<\/ul>","protected":false},"excerpt":{"rendered":"","protected":false},"author":1,"featured_media":0,"parent":0,"menu_order":0,"comment_status":"closed","ping_status":"closed","template":"","meta":{"footnotes":""},"class_list":["post-40","page","type-page","status-publish","hentry"],"jetpack_sharing_enabled":true,"_links":{"self":[{"href":"https:\/\/www.sonja-blank.com\/index.php\/wp-json\/wp\/v2\/pages\/40","targetHints":{"allow":["GET"]}}],"collection":[{"href":"https:\/\/www.sonja-blank.com\/index.php\/wp-json\/wp\/v2\/pages"}],"about":[{"href":"https:\/\/www.sonja-blank.com\/index.php\/wp-json\/wp\/v2\/types\/page"}],"author":[{"embeddable":true,"href":"https:\/\/www.sonja-blank.com\/index.php\/wp-json\/wp\/v2\/users\/1"}],"replies":[{"embeddable":true,"href":"https:\/\/www.sonja-blank.com\/index.php\/wp-json\/wp\/v2\/comments?post=40"}],"version-history":[{"count":1,"href":"https:\/\/www.sonja-blank.com\/index.php\/wp-json\/wp\/v2\/pages\/40\/revisions"}],"predecessor-version":[{"id":41,"href":"https:\/\/www.sonja-blank.com\/index.php\/wp-json\/wp\/v2\/pages\/40\/revisions\/41"}],"wp:attachment":[{"href":"https:\/\/www.sonja-blank.com\/index.php\/wp-json\/wp\/v2\/media?parent=40"}],"curies":[{"name":"wp","href":"https:\/\/api.w.org\/{rel}","templated":true}]}}