{"id":24,"date":"2025-09-19T14:14:16","date_gmt":"2025-09-19T14:14:16","guid":{"rendered":"https:\/\/www.sonja-blank.com\/?page_id=24"},"modified":"2025-09-22T17:04:25","modified_gmt":"2025-09-22T17:04:25","slug":"ueber-mich","status":"publish","type":"page","link":"https:\/\/www.sonja-blank.com\/index.php\/ueber-mich\/","title":{"rendered":"\u00dcber mich"},"content":{"rendered":"\n<h2 class=\"wp-block-heading has-text-align-center\">Fakten<\/h2>\n\n\n\n<p class=\"has-text-align-center\">Name: Sonja Blank<br>Alter\/Geburtstag: 23\/12.10.2001<br>Pronomen: sie\/ihr<br><br>Ausbildung:<br>B.A. Arch\u00e4ologie\/Skandinavistik<br>M.A. Arch\u00e4ologie (in Arbeit)<br>B.A. Geschichte\/Medienkulturwissenschaft (in Arbeit)<br>Lektoratsfortbildung<br><br>Ver\u00f6ffentlichte B\u00fccher:<br><a href=\"https:\/\/buchshop.bod.de\/haus-der-kronen-sonja-blank-9783758382864\" data-type=\"link\" data-id=\"https:\/\/www.amazon.de\/Haus-Kronen-Gesegnet-Sonja-Blank-ebook\/dp\/B0C9YJLHC7\/ref=sr_1_1?__mk_de_DE=%C3%85M%C3%85%C5%BD%C3%95%C3%91&amp;crid=3M9GE61XH95E1&amp;dib=eyJ2IjoiMSJ9.E6c5ec-3ttkgLTtCMD54P7daeYOKAGVku1Ev-7Gd8iKax7Q4Yb1qJhUJY2cNbh5y-wmIyJFsrC2YJwqiPTHaqQMGvfVERvYf9S5NYFmmfN35useS2wK3VpRNSKVLoSTyHq0I-1pM8W-RX9UCqLOs1EFSuFre4wof5c7W5HrvoDYnTXW80oE5bc4PtuSkaBlBQkqMThq51cjUBsYTLyPmqPX4g9V7L_NhK_n1VpkmHhQ.YSFD7NXBKhoOkXqyEuLGvuV1N4hRZUTCAHhLMxnfvlQ&amp;dib_tag=se&amp;keywords=haus+der+kronen&amp;qid=1710162550&amp;s=books&amp;sprefix=haus+der+kron%2Cstripbooks%2C572&amp;sr=1-1\">Haus der Kronen &#8211; Gesegnet (Band 1, 28.06.2024<\/a>)<br><a href=\"https:\/\/buchshop.bod.de\/im-bann-der-zeit-sonja-blank-9783758327179\">Im Bann der Zeit &#8211; Annuarium der Zeitenwandler (Band 1, 10.04.2024)<\/a><br><br>Verlegerin bei <a href=\"http:\/\/realm-and-rune.de\">Realm &amp; Rune<\/a><br><\/p>\n\n\n\n<h2 class=\"wp-block-heading has-text-align-center\">\u00dcber mich<\/h2>\n\n\n\n<p class=\"has-text-align-center\">Hei, ich bin Sonja, Schreiberin, Arch\u00e4ologin, Verlegerin und Historikerin in Ausbildung.<br>Ich bin vielf\u00e4ltig unterwegs. Ihr findet mich als freie Lektorin bei Tintenschwert, als Verlegerin bei Realm &amp; Rune und bald als Podcasterin in meinem eigenen Geschichtspodcast.<br>Meine Geschichten spielen in phantastischen Settings oder bei anderen noch laufenden Projekten historischen St\u00e4tten. Ich m\u00f6chte mit Worten die Geschichten erz\u00e4hlen, die in meiner Seele brennen.<br>Dabei verirre ich mich von Zeit zu Zeit in Fantasy-Welten oder die Vergangenheit. Auf eines k\u00f6nnt ihr euch in meinen Geschichten allerdings immer verlassen: Meine authentische Stimme und starke weibliche Charaktere \ud83d\ude09<br><\/p>\n","protected":false},"excerpt":{"rendered":"<p>Fakten Name: Sonja BlankAlter\/Geburtstag: 23\/12.10.2001Pronomen: sie\/ihr Ausbildung:B.A. Arch\u00e4ologie\/SkandinavistikM.A. Arch\u00e4ologie (in Arbeit)B.A. Geschichte\/Medienkulturwissenschaft (in Arbeit)Lektoratsfortbildung Ver\u00f6ffentlichte B\u00fccher:Haus der Kronen &#8211; Gesegnet (Band 1, 28.06.2024)Im Bann der Zeit &#8211; Annuarium der Zeitenwandler (Band 1, 10.04.2024) Verlegerin bei Realm &amp; Rune \u00dcber mich Hei, ich bin Sonja, Schreiberin, Arch\u00e4ologin, Verlegerin und Historikerin in Ausbildung.Ich bin vielf\u00e4ltig unterwegs. Ihr [&hellip;]<\/p>\n","protected":false},"author":1,"featured_media":0,"parent":0,"menu_order":0,"comment_status":"closed","ping_status":"closed","template":"","meta":{"footnotes":""},"class_list":["post-24","page","type-page","status-publish","hentry"],"jetpack_sharing_enabled":true,"_links":{"self":[{"href":"https:\/\/www.sonja-blank.com\/index.php\/wp-json\/wp\/v2\/pages\/24","targetHints":{"allow":["GET"]}}],"collection":[{"href":"https:\/\/www.sonja-blank.com\/index.php\/wp-json\/wp\/v2\/pages"}],"about":[{"href":"https:\/\/www.sonja-blank.com\/index.php\/wp-json\/wp\/v2\/types\/page"}],"author":[{"embeddable":true,"href":"https:\/\/www.sonja-blank.com\/index.php\/wp-json\/wp\/v2\/users\/1"}],"replies":[{"embeddable":true,"href":"https:\/\/www.sonja-blank.com\/index.php\/wp-json\/wp\/v2\/comments?post=24"}],"version-history":[{"count":5,"href":"https:\/\/www.sonja-blank.com\/index.php\/wp-json\/wp\/v2\/pages\/24\/revisions"}],"predecessor-version":[{"id":35,"href":"https:\/\/www.sonja-blank.com\/index.php\/wp-json\/wp\/v2\/pages\/24\/revisions\/35"}],"wp:attachment":[{"href":"https:\/\/www.sonja-blank.com\/index.php\/wp-json\/wp\/v2\/media?parent=24"}],"curies":[{"name":"wp","href":"https:\/\/api.w.org\/{rel}","templated":true}]}}