{"id":20,"date":"2025-09-19T14:17:10","date_gmt":"2025-09-19T14:17:10","guid":{"rendered":"https:\/\/www.sonja-blank.com\/?page_id=20"},"modified":"2025-09-19T14:17:10","modified_gmt":"2025-09-19T14:17:10","slug":"haus-der-kronen","status":"publish","type":"page","link":"https:\/\/www.sonja-blank.com\/index.php\/haus-der-kronen\/","title":{"rendered":"Haus der Kronen"},"content":{"rendered":"\n<details class=\"wp-block-details alignwide has-x-large-font-size is-layout-flow wp-block-details-is-layout-flow\" style=\"margin-right:var(--wp--preset--spacing--30);margin-left:var(--wp--preset--spacing--30);padding-right:var(--wp--preset--spacing--60);padding-left:var(--wp--preset--spacing--60)\"><summary>Band 1: Haus der Kronen &#8211; Gesegnet<\/summary>\n<p class=\"has-text-align-center\" style=\"font-size:clamp(0.984rem, 0.984rem + ((1vw - 0.2rem) * 0.809), 1.5rem);\"><strong>Fakten<\/strong><\/p>\n\n\n\n<p class=\"has-text-align-center has-medium-font-size\"><strong>Ver\u00f6ffentlichungsdatum:<\/strong> 28.06.2024<br><strong>Seitenzahl: <\/strong>400<br><strong>Wortzahl:<\/strong> 114.299<br><strong>Zeichen:<\/strong> 714.518<br><strong>Genre:<\/strong> High Fantasy<br><strong>POVs: <\/strong>7<br><strong>Klappentext:<\/strong> Seit \u00fcber zwanzig Jahren ist \u00cbmeria ein vereinigtes K\u00f6nigreich. Ein Zustand, den man bis dahin nur aus sehr alten \u00dcberlieferungen kannte. Die Herrschaft des H\u00f3dreki war gefestigt und das Reich genoss eine Zeit des Friedens und Wohlstandes, bis der aufstrebende Varos, K\u00f6nig von Tirias, sich aufmachte \u00cbmeria, die Heimat seiner Vorfahren f\u00fcr sein Volk zur\u00fcckzuerobern. Der Krieg ist nach \u00cbmeria gekommen und hat sich seinen Weg bis in den Norden des Reiches, nach Feuersatem gebahnt, wo die F\u00fcrstentochter Lyriana Teil eines verzweifelten Planes wird, die Belagerer ihrer Heimatstadt in eine Falle zu locken und den Verlauf des Krieges zu wenden. Die G\u00f6tter allein wissen, welche Folgen dieser Plan f\u00fcr das K\u00f6nigreich haben wird.<br><br><strong>Lieblingscharaktere der Autorin:<\/strong><br>Ri\u00f8n, Varos, Ulmer B\u00e4renklaue<\/p>\n<\/details>\n\n\n\n<figure class=\"wp-block-pullquote is-style-default\"><blockquote><p>Das Land Eurer Vorv\u00e4ter ist das Land meiner Ahnen und ich werde nicht aus meiner Heimat weichen.<\/p><cite>Lyriana Jargonsd\u00f3ttir<\/cite><\/blockquote><\/figure>\n\n\n\n<div style=\"height:40px\" aria-hidden=\"true\" class=\"wp-block-spacer\"><\/div>\n\n\n\n<div class=\"wp-block-media-text alignwide is-stacked-on-mobile\"><figure class=\"wp-block-media-text__media\"><img loading=\"lazy\" decoding=\"async\" width=\"640\" height=\"1024\" src=\"https:\/\/www.sonja-blank.com\/wp-content\/uploads\/2025\/09\/Gesegnet-Sonja-Blank-640x1024.jpg\" alt=\"\" class=\"wp-image-22 size-full\" srcset=\"https:\/\/www.sonja-blank.com\/wp-content\/uploads\/2025\/09\/Gesegnet-Sonja-Blank-640x1024.jpg 640w, https:\/\/www.sonja-blank.com\/wp-content\/uploads\/2025\/09\/Gesegnet-Sonja-Blank-188x300.jpg 188w, https:\/\/www.sonja-blank.com\/wp-content\/uploads\/2025\/09\/Gesegnet-Sonja-Blank-768x1229.jpg 768w, https:\/\/www.sonja-blank.com\/wp-content\/uploads\/2025\/09\/Gesegnet-Sonja-Blank-960x1536.jpg 960w, https:\/\/www.sonja-blank.com\/wp-content\/uploads\/2025\/09\/Gesegnet-Sonja-Blank-1280x2048.jpg 1280w, https:\/\/www.sonja-blank.com\/wp-content\/uploads\/2025\/09\/Gesegnet-Sonja-Blank.jpg 1375w\" sizes=\"auto, (max-width: 640px) 100vw, 640px\" \/><\/figure><div class=\"wp-block-media-text__content\">\n<p class=\"has-text-align-center\" style=\"font-size:clamp(16.293px, 1.018rem + ((1vw - 3.2px) * 0.854), 25px);\">Die westlichen Lande von dem Fluss Eire angefangen, hatten seinem Volk geh\u00f6rt, bevor die fremdartigen Wesen von dem einstigen Imperium, das von der Insel Oruin ausgegangen war, sie weiter und weiter zur\u00fcck in den Osten gedr\u00e4ngt hatten. Seit jeher bem\u00fchten sich die wenigen \u00fcbrig gebliebenen Varener darum, ihren rechtm\u00e4\u00dfigen Besitz wiederzuerlangen. Sie waren ein stolzes Volk gewesen, das von den Westlichen in die Vergessenheit gesto\u00dfen wurde. Aber er war fest entschlossen den Traum seiner Vorv\u00e4ter zu erf\u00fcllen und er w\u00fcrde nicht aufgeben, ehe ihm dies gelungen war.<br>Zuerst w\u00fcrde Feuersatem fallen, dann der Norden und im Anschluss der Rest. Es war sein Schicksal, die G\u00f6tter hatten es ihm versprochen. Das Land seiner Vorfahren w\u00e4re eines Tages sein Land.<br>Die Mauern der fremden Burg mochten so viel \u00fcber ihn spotten, wie sie w\u00fcnschten. Lange konnte es nicht mehr dauern, bis den Bewohnern die Verpflegung f\u00fcr Mensch und Tier ausging. Und wenn dies geschah, w\u00fcrden sie schwach, ihre Aufmerksamkeit und Vorsicht lie\u00dfe nach. Und schlie\u00dflich, wenn ihre letzten Vorr\u00e4te aufgebraucht waren, w\u00fcrden sie zu ihnen kommen und um Gnade betteln. Diese Gnade w\u00fcrden sie nicht erhalten, denn sie hatten kein Recht darauf.<\/p>\n<\/div><\/div>\n\n\n\n<div class=\"wp-block-buttons is-content-justification-center is-layout-flex wp-container-core-buttons-is-layout-a89b3969 wp-block-buttons-is-layout-flex\">\n<div class=\"wp-block-button\"><a class=\"wp-block-button__link has-tertiary-background-color has-background wp-element-button\" href=\"https:\/\/buchshop.bod.de\/haus-der-kronen-sonja-blank-9783758382864\">Jetzt lesen!<br>Bei BoD<\/a><\/div>\n\n\n\n<div class=\"wp-block-button\"><a class=\"wp-block-button__link has-tertiary-background-color has-background wp-element-button\" href=\"https:\/\/www.thalia.de\/shop\/home\/artikeldetails\/A1072289303\">Oder bei Thalia!<\/a><\/div>\n<\/div>\n\n\n\n<div style=\"height:80px\" aria-hidden=\"true\" class=\"wp-block-spacer\"><\/div>\n\n\n\n<details class=\"wp-block-details alignwide has-x-large-font-size is-layout-flow wp-block-details-is-layout-flow\" style=\"margin-right:0;margin-left:0;padding-right:var(--wp--preset--spacing--60);padding-left:var(--wp--preset--spacing--60)\"><summary>Band 2: Haus der Kronen &#8211; Verbrannt<\/summary>\n<p class=\"has-text-align-center\" style=\"font-size:clamp(0.984rem, 0.984rem + ((1vw - 0.2rem) * 0.809), 1.5rem);\"><strong>Fakten<\/strong><\/p>\n\n\n\n<p class=\"has-text-align-center has-medium-font-size\"><strong>Ver\u00f6ffentlichungsdatum: <\/strong>noch ungewiss<br><strong>Aktueller Wortzahl: <\/strong>26.937<br><strong>Aktuelle Zeichen:<\/strong> 166.928<br><strong>Genre:<\/strong> High Fantasy<br><strong>POVs:<\/strong> 5<br><br><strong>Neue Lieblinge der Autorin:<\/strong><br>Avaine, Neri<\/p>\n<\/details>\n\n\n\n<div style=\"height:60px\" aria-hidden=\"true\" class=\"wp-block-spacer\"><\/div>\n\n\n\n<figure class=\"wp-block-pullquote\"><blockquote><p>Die alte Welt vergeht alsbald<br>Zur\u00fcck bleibt nur der Buchenwald<br>Der B\u00e4rengott aus alter M\u00e4r<br>Die Sonneng\u00f6ttin und ihr Heer<br>Durch tiefstes Blau und wei\u00dfen Schnee<br>Kam seine Liebe wieder<\/p><cite>Unbekannt, Sagas von Sund<\/cite><\/blockquote><\/figure>\n\n\n\n<div style=\"height:40px\" aria-hidden=\"true\" class=\"wp-block-spacer\"><\/div>\n\n\n\n<div class=\"wp-block-media-text alignwide is-stacked-on-mobile\"><figure class=\"wp-block-media-text__media\"><img decoding=\"async\" src=\"https:\/\/paginae-solis.de\/wp-content\/uploads\/2023\/09\/Coming-Soon-1024x1024.png\" alt=\"\" class=\"wp-image-125 size-full\"\/><\/figure><div class=\"wp-block-media-text__content\">\n<p class=\"has-text-align-center\" style=\"font-size:clamp(1.403rem, 1.403rem + ((1vw - 0.2rem) * 1.407), 2.3rem);\"><strong>Worauf ihr euch freuen d\u00fcrft?<\/strong><\/p>\n\n\n\n<p class=\"has-text-align-center\" style=\"font-size:clamp(1.092rem, 1.092rem + ((1vw - 0.2rem) * 0.954), 1.7rem);\">Intrigen<br>Verrat<br>Epische Schlachten<br>Politische Heirat<br>Geheime Erben<br>Gezwungene Helden<br>Fr\u00fchmittelalterliches Fantasy-Setting<br>Fantasy-Highlands<\/p>\n<\/div><\/div>\n\n\n\n<div style=\"height:60px\" aria-hidden=\"true\" class=\"wp-block-spacer\"><\/div>\n\n\n\n<details class=\"wp-block-details alignwide has-x-large-font-size is-layout-flow wp-block-details-is-layout-flow\" style=\"padding-right:var(--wp--preset--spacing--60);padding-left:var(--wp--preset--spacing--60)\"><summary>Band 3: Haus der Kronen &#8211; Gebrochen<\/summary>\n<p class=\"has-text-align-center\" style=\"font-size:clamp(0.984rem, 0.984rem + ((1vw - 0.2rem) * 0.809), 1.5rem);\"><strong>Fakten<\/strong><\/p>\n\n\n\n<p class=\"has-text-align-center has-medium-font-size\"><strong>Ver\u00f6ffentlichungsdatum: <\/strong>noch ungewiss<br><strong>Aktuelle Wortzahl: <\/strong>0<br><strong>Aktuelle Zeichen:<\/strong> 0<br><strong>Genre:<\/strong> High Fantasy<br><strong>POVs:<\/strong> Mind. 4<\/p>\n<\/details>\n\n\n\n<div style=\"height:60px\" aria-hidden=\"true\" class=\"wp-block-spacer\"><\/div>\n\n\n\n<div class=\"wp-block-media-text alignwide is-stacked-on-mobile\"><figure class=\"wp-block-media-text__media\"><img decoding=\"async\" src=\"https:\/\/paginae-solis.de\/wp-content\/uploads\/2023\/09\/Coming-Soon-1024x1024.png\" alt=\"\" class=\"wp-image-125 size-full\"\/><\/figure><div class=\"wp-block-media-text__content\">\n<p class=\"has-text-align-center\" style=\"font-size:clamp(1.403rem, 1.403rem + ((1vw - 0.2rem) * 1.407), 2.3rem);\"><strong>Worauf ihr euch freuen d\u00fcrft?<\/strong><\/p>\n\n\n\n<p class=\"has-text-align-center\" style=\"font-size:clamp(1.092rem, 1.092rem + ((1vw - 0.2rem) * 0.954), 1.7rem);\">Verlust<br>Verrat<br>Seeschlachten<br>Enemies to Friends<br>Verlorene Heimat<br>Flucht<br>Fr\u00fchmittelalterliches Fantasy-Setting<br>Gestaltwandler<br>Long Lost Love<\/p>\n<\/div><\/div>\n\n\n\n<div style=\"height:60px\" aria-hidden=\"true\" class=\"wp-block-spacer\"><\/div>\n\n\n\n<details class=\"wp-block-details alignwide has-x-large-font-size is-layout-flow wp-block-details-is-layout-flow\" style=\"padding-right:var(--wp--preset--spacing--60);padding-left:var(--wp--preset--spacing--60)\"><summary>Band 4: Haus der Kronen &#8211; Verlassen<\/summary>\n<p class=\"has-text-align-center\" style=\"font-size:clamp(0.984rem, 0.984rem + ((1vw - 0.2rem) * 0.809), 1.5rem);\"><strong>Fakten<\/strong><\/p>\n\n\n\n<p class=\"has-text-align-center has-medium-font-size\"><strong>Ver\u00f6ffentlichungsdatum: <\/strong>noch ungewiss<br><strong>Aktuelle Wortzahl: <\/strong>0<br><strong>Aktuelle Zeichen:<\/strong> 0<br><strong>Genre:<\/strong> High Fantasy<br><strong>POVs:<\/strong> Mind. 4<\/p>\n<\/details>\n\n\n\n<div style=\"height:60px\" aria-hidden=\"true\" class=\"wp-block-spacer\"><\/div>\n\n\n\n<div class=\"wp-block-media-text alignwide is-stacked-on-mobile\"><figure class=\"wp-block-media-text__media\"><img decoding=\"async\" src=\"https:\/\/paginae-solis.de\/wp-content\/uploads\/2023\/09\/Coming-Soon-1024x1024.png\" alt=\"\" class=\"wp-image-125 size-full\"\/><\/figure><div class=\"wp-block-media-text__content\">\n<p class=\"has-text-align-center\" style=\"font-size:clamp(1.403rem, 1.403rem + ((1vw - 0.2rem) * 1.407), 2.3rem);\"><strong>Worauf ihr euch freuen d\u00fcrft?<\/strong><\/p>\n\n\n\n<p class=\"has-text-align-center\" style=\"font-size:clamp(1.092rem, 1.092rem + ((1vw - 0.2rem) * 0.954), 1.7rem);\">Verloren geglaubte Charaktere<br>Seemonster<br>Enemies to Friends\/Lovers<br>Familie<br>Intrigen\/Verrat<br>Fr\u00fchmittelalterliches Fantasy-Setting mit antik-mediterranen Einfl\u00fcssen<br>Feenwesen<br>Trauma<\/p>\n<\/div><\/div>\n\n\n\n<div style=\"height:60px\" aria-hidden=\"true\" class=\"wp-block-spacer\"><\/div>\n\n\n\n<details class=\"wp-block-details alignwide has-x-large-font-size is-layout-flow wp-block-details-is-layout-flow\" style=\"margin-right:0;margin-left:0;padding-right:var(--wp--preset--spacing--50);padding-left:var(--wp--preset--spacing--50)\"><summary>Band 5: Haus der Kronen &#8211; Gekr\u00f6nt<\/summary>\n<p class=\"has-text-align-center\" style=\"font-size:clamp(0.984rem, 0.984rem + ((1vw - 0.2rem) * 0.809), 1.5rem);\"><strong>Fakten<\/strong><\/p>\n\n\n\n<p class=\"has-text-align-center has-medium-font-size\"><strong>Ver\u00f6ffentlichungsdatum: <\/strong>hoffentlich 2027<br><strong>Aktuelle Wortzahl: <\/strong>0<br><strong>Aktuelle Zeichen:<\/strong> 0<br><strong>Genre:<\/strong> High Fantasy<br><strong>POVs:<\/strong> Mind. 4<\/p>\n<\/details>\n\n\n\n<div style=\"height:60px\" aria-hidden=\"true\" class=\"wp-block-spacer\"><\/div>\n\n\n\n<div class=\"wp-block-media-text alignwide is-stacked-on-mobile\"><figure class=\"wp-block-media-text__media\"><img decoding=\"async\" src=\"https:\/\/paginae-solis.de\/wp-content\/uploads\/2023\/09\/Coming-Soon-1024x1024.png\" alt=\"\" class=\"wp-image-125 size-full\"\/><\/figure><div class=\"wp-block-media-text__content\">\n<p class=\"has-text-align-center\" style=\"font-size:clamp(1.403rem, 1.403rem + ((1vw - 0.2rem) * 1.407), 2.3rem);\"><strong>Worauf ihr euch freuen d\u00fcrft?<\/strong><\/p>\n\n\n\n<p class=\"has-text-align-center\" style=\"font-size:clamp(1.092rem, 1.092rem + ((1vw - 0.2rem) * 0.954), 1.7rem);\">Letzte Hoffnung<br>Slow Burn<br>Epische Schlachten<br>Finale<br>Intrigen\/Verrat<br>Fr\u00fchmittelalterliches Fantasy-Setting<br>Vergangenheit der Welt<br>DAS HAUS DER KRONEN<\/p>\n<\/div><\/div>\n","protected":false},"excerpt":{"rendered":"<p>Das Land Eurer Vorv\u00e4ter ist das Land meiner Ahnen und ich werde nicht aus meiner Heimat weichen. Lyriana Jargonsd\u00f3ttir Die westlichen Lande von dem Fluss Eire angefangen, hatten seinem Volk geh\u00f6rt, bevor die fremdartigen Wesen von dem einstigen Imperium, das von der Insel Oruin ausgegangen war, sie weiter und weiter zur\u00fcck in den Osten gedr\u00e4ngt [&hellip;]<\/p>\n","protected":false},"author":1,"featured_media":0,"parent":0,"menu_order":0,"comment_status":"closed","ping_status":"closed","template":"","meta":{"footnotes":""},"class_list":["post-20","page","type-page","status-publish","hentry"],"jetpack_sharing_enabled":true,"_links":{"self":[{"href":"https:\/\/www.sonja-blank.com\/index.php\/wp-json\/wp\/v2\/pages\/20","targetHints":{"allow":["GET"]}}],"collection":[{"href":"https:\/\/www.sonja-blank.com\/index.php\/wp-json\/wp\/v2\/pages"}],"about":[{"href":"https:\/\/www.sonja-blank.com\/index.php\/wp-json\/wp\/v2\/types\/page"}],"author":[{"embeddable":true,"href":"https:\/\/www.sonja-blank.com\/index.php\/wp-json\/wp\/v2\/users\/1"}],"replies":[{"embeddable":true,"href":"https:\/\/www.sonja-blank.com\/index.php\/wp-json\/wp\/v2\/comments?post=20"}],"version-history":[{"count":2,"href":"https:\/\/www.sonja-blank.com\/index.php\/wp-json\/wp\/v2\/pages\/20\/revisions"}],"predecessor-version":[{"id":23,"href":"https:\/\/www.sonja-blank.com\/index.php\/wp-json\/wp\/v2\/pages\/20\/revisions\/23"}],"wp:attachment":[{"href":"https:\/\/www.sonja-blank.com\/index.php\/wp-json\/wp\/v2\/media?parent=20"}],"curies":[{"name":"wp","href":"https:\/\/api.w.org\/{rel}","templated":true}]}}