{"id":2,"date":"2025-09-19T13:42:36","date_gmt":"2025-09-19T13:42:36","guid":{"rendered":"https:\/\/www.sonja-blank.com\/?page_id=2"},"modified":"2025-09-19T13:50:32","modified_gmt":"2025-09-19T13:50:32","slug":"sample-page","status":"publish","type":"page","link":"https:\/\/www.sonja-blank.com\/index.php\/sample-page\/","title":{"rendered":"Datenschutz"},"content":{"rendered":"\n<p>europ\u00e4ischen Datenschutz-Grundverordnung (DSGVO). Ich nehme den Schutz deiner pers\u00f6nlichen Daten sehr ernst. Ich behandle deine personenbezogenen Daten vertraulich und entsprechend der gesetzlichen Datenschutzvorschriften sowie dieser Datenschutzerkl\u00e4rung.<\/p>\n\n\n\n<p>Wenn du diese Website benutzt, werden verschiedene personenbezogene Daten erhoben. Personenbezogene Daten sind Daten, mit denen du pers\u00f6nlich identifiziert werden kannst. Die vorliegende Datenschutzerkl\u00e4rung erl\u00e4utert, welche Daten ich erhebe und wof\u00fcr ich sie nutze. Sie erl\u00e4utert auch, wie und zu welchem Zweck das geschieht.<\/p>\n\n\n\n<p>Ich weise darauf hin, dass die Daten\u00fcbertragung im Internet (z.B. bei der Kommunikation per E-Mail) Sicherheitsl\u00fccken aufweisen kann. Ein l\u00fcckenloser Schutz der Daten vor dem Zugriff durch Dritte ist nicht m\u00f6glich.<br><br><strong>Verantwortlicher f\u00fcr die Datenverarbeitung:<\/strong><br>Sonja Blank<br>Neukirchener Stra\u00dfe 32<br>47829 krefeld<br>Deutschland<br><br>Telefon: +49 1575 5431776<br>E-Mail: autor@sonja-blank.com<br><br>Verantwortliche Stelle ist die nat\u00fcrliche oder juristische Person, die allein oder gemeinsam mit anderen \u00fcber die Zwecke und Mittel der Verarbeitung von personenbezogenen Daten (z. B. Namen, E-Mail-Adressen o. \u00c4.) entscheidet.<br><br><strong>Hosting:<\/strong><br>Diese Website wird extern gehostet. Die personenbezogenen Daten, die auf dieser Website erfasst werden, werden auf den Servern des Hosters \/ der Hoster gespeichert. Hierbei kann es sich v. a. um IP-Adressen, Kontaktanfragen, Meta- und Kommunikationsdaten, Vertragsdaten, Kontaktdaten, Namen, Websitezugriffe und sonstige Daten, die \u00fcber eine Website generiert werden, handeln. Das externe Hosting erfolgt zum Zwecke der Vertragserf\u00fcllung gegen\u00fcber unseren potenziellen und bestehenden Kunden (Art. 6 Abs. 1 lit. b DSGVO) und im Interesse einer sicheren, schnellen und effizienten Bereitstellung unseres Online-Angebots durch einen professionellen Anbieter (Art. 6 Abs. 1 lit. f DSGVO). Sofern eine entsprechende Einwilligung abgefragt wurde, erfolgt die Verarbeitung ausschlie\u00dflich auf Grundlage von Art. 6 Abs. 1 lit. a DSGVO und \u00a7 25 Abs. 1 TTDSG, soweit die Einwilligung die Speicherung von Cookies oder den Zugriff auf Informationen im Endger\u00e4t des Nutzers (z. B. Device-Fingerprinting) im Sinne des TTDSG umfasst. Die Einwilligung ist jederzeit widerrufbar. Mein(e) Hoster wird bzw. werden deine Daten nur insoweit verarbeiten, wie dies zur Erf\u00fcllung seiner Leistungspflichten erforderlich ist und meine Weisungen in Bezug auf diese Daten befolgen.<br>Ich setze folgende(n) Hoster ein:<br><br>IP-Projects GmbH &amp; Co. KG<br>Am Vogelherd 14<br>D \u2013 97295 Waldbrunn<br><br><strong>Speicherdauer:<\/strong><br>Soweit innerhalb dieser Datenschutzerkl\u00e4rung keine genauere Speicherdauer genannt wurde, verbleiben deine personenbezogenen Daten bei mir, bis der Zweck f\u00fcr die Datenverarbeitung entf\u00e4llt. Wenn du ein berechtigtes Interesse an der L\u00f6schung der Daten geltend machst oder deine Einwilligung zur Datenverarbeitung widerrufst, werden deine Daten gel\u00f6scht, sofern ich keine anderen rechtlich zul\u00e4ssigen Gr\u00fcnde f\u00fcr die Speicherung deiner personenbezogenen Daten habe (z. B. steuer- oder handelsrechtliche Aufbewahrungsfristen); im letztgenannten Fall erfolgt die L\u00f6schung nach Entfall dieser Gr\u00fcnde.<br><br><strong>Widerruf deiner Einwilligung:<\/strong><br>Viele Datenverarbeitungsvorg\u00e4nge sind nur mit deiner ausdr\u00fccklichen Einwilligung m\u00f6glich. Sie k\u00f6nnen eine bereits erteilte Einwilligung jederzeit widerrufen. Die Rechtm\u00e4\u00dfigkeit der bis zum Widerruf erfolgten Datenverarbeitung bleibt vom Widerruf unber\u00fchrt.<br><br><strong>Beschwerderecht:<\/strong><br>Im Falle datenschutzrechtlicher Verst\u00f6\u00dfe steht dem Betroffenen ein Beschwerderecht bei der zust\u00e4ndigen Aufsichtsbeh\u00f6rde zu. Zust\u00e4ndige Aufsichtsbeh\u00f6rde in datenschutzrechtlichen Fragen ist der Landesdatenschutzbeauftragte des Bundeslandes, in dem die Impressumsadresse liegt.<br><br><strong>Auskunft, Sperrung, L\u00f6schung:<\/strong><br>Du hast im Rahmen der geltenden gesetzlichen Bestimmungen jederzeit das Recht auf unentgeltliche Auskunft \u00fcber deine gespeicherten personenbezogenen Daten, deren Herkunft und Empf\u00e4nger und den Zweck der Datenverarbeitung und ggf. ein Recht auf Berichtigung, Sperrung oder L\u00f6schung dieser Daten. Hierzu sowie zu weiteren Fragen zum Thema personenbezogene Daten kannst du dich jederzeit unter der im Impressum angegebenen Adresse an mich wenden.<br><br><strong>Anfragen:<\/strong><br>Wenn du mich per E-Mail, Telefon oder andersweitig kontaktierst, wird deine Anfrage inklusive aller daraus hervorgehenden personenbezogenen Daten zum Zwecke der Bearbeitung deines Anliegens bei mir gespeichert und verarbeitet. Diese Daten gebe ich nicht ohne deine Einwilligung weiter. Die Verarbeitung dieser Daten erfolgt auf Grundlage von Art. 6 Abs. 1 lit. b DSGVO, sofern deine Anfrage mit der Erf\u00fcllung eines Vertrags zusammenh\u00e4ngt oder zur Durchf\u00fchrung vorvertraglicher Ma\u00dfnahmen erforderlich ist. In allen \u00fcbrigen F\u00e4llen beruht die Verarbeitung auf meinem berechtigten Interesse an der effektiven Bearbeitung der an uns gerichteten Anfragen (Art. 6 Abs. 1 lit. f DSGVO) oder auf deiner Einwilligung (Art. 6 Abs. 1 lit. a DSGVO) sofern diese abgefragt wurde; die Einwilligung ist jederzeit widerrufbar.<br>Die von dir an mich per Kontaktanfrage \u00fcbersandten Daten verbleiben bei mir , bis du mich zur L\u00f6schung aufforderst, deine Einwilligung zur Speicherung widerrufst oder der Zweck f\u00fcr die Datenspeicherung entf\u00e4llt (z. B. nach abgeschlossener Bearbeitung deines Anliegens). Zwingende gesetzliche Bestimmungen \u2013 insbesondere gesetzliche Aufbewahrungsfristen \u2013 bleiben unber\u00fchrt.<\/p>\n","protected":false},"excerpt":{"rendered":"<p>europ\u00e4ischen Datenschutz-Grundverordnung (DSGVO). Ich nehme den Schutz deiner pers\u00f6nlichen Daten sehr ernst. Ich behandle deine personenbezogenen Daten vertraulich und entsprechend der gesetzlichen Datenschutzvorschriften sowie dieser Datenschutzerkl\u00e4rung. Wenn du diese Website benutzt, werden verschiedene personenbezogene Daten erhoben. Personenbezogene Daten sind Daten, mit denen du pers\u00f6nlich identifiziert werden kannst. Die vorliegende Datenschutzerkl\u00e4rung erl\u00e4utert, welche Daten ich erhebe [&hellip;]<\/p>\n","protected":false},"author":1,"featured_media":0,"parent":0,"menu_order":0,"comment_status":"closed","ping_status":"open","template":"","meta":{"footnotes":""},"class_list":["post-2","page","type-page","status-publish","hentry"],"jetpack_sharing_enabled":true,"_links":{"self":[{"href":"https:\/\/www.sonja-blank.com\/index.php\/wp-json\/wp\/v2\/pages\/2","targetHints":{"allow":["GET"]}}],"collection":[{"href":"https:\/\/www.sonja-blank.com\/index.php\/wp-json\/wp\/v2\/pages"}],"about":[{"href":"https:\/\/www.sonja-blank.com\/index.php\/wp-json\/wp\/v2\/types\/page"}],"author":[{"embeddable":true,"href":"https:\/\/www.sonja-blank.com\/index.php\/wp-json\/wp\/v2\/users\/1"}],"replies":[{"embeddable":true,"href":"https:\/\/www.sonja-blank.com\/index.php\/wp-json\/wp\/v2\/comments?post=2"}],"version-history":[{"count":1,"href":"https:\/\/www.sonja-blank.com\/index.php\/wp-json\/wp\/v2\/pages\/2\/revisions"}],"predecessor-version":[{"id":8,"href":"https:\/\/www.sonja-blank.com\/index.php\/wp-json\/wp\/v2\/pages\/2\/revisions\/8"}],"wp:attachment":[{"href":"https:\/\/www.sonja-blank.com\/index.php\/wp-json\/wp\/v2\/media?parent=2"}],"curies":[{"name":"wp","href":"https:\/\/api.w.org\/{rel}","templated":true}]}}